{"id":23,"date":"2018-09-28T14:16:50","date_gmt":"2018-09-28T14:16:50","guid":{"rendered":"https:\/\/cinema.crp.ufv.br\/?page_id=23"},"modified":"2026-01-13T13:31:25","modified_gmt":"2026-01-13T16:31:25","slug":"equipe","status":"publish","type":"page","link":"https:\/\/cinema.crp.ufv.br\/?page_id=23","title":{"rendered":"Equipe"},"content":{"rendered":"\n<p><strong>Ananda Passos<\/strong><\/p>\n\n\n\n<p>Aluna do curso de ci\u00eancias biol\u00f3gicas da Universidade Federal de Vi\u00e7osa, futura perita criminal com bastante interesse em fisiologia geral, anatomia humana, sistemas dos tecidos e \u00f3rg\u00e3os, mas com\u00a0um p\u00e9 na ecologia tamb\u00e9m. Bem ecl\u00e9tica quanto a filmes e s\u00e9ries, mas musical, terror e besteirol est\u00e3o acima de todos.\u00a0<\/p>\n\n\n\n<p><strong>Filmes\/s\u00e9ries favoritos:<\/strong> Mamma Mia, Homem Aranha, Brooklyn nine nine, Orgulho e Preconceito, Harry Potter e o Prisioneiro de Azkaban, Senhor dos An\u00e9is<\/p>\n\n\n\n<p><strong>Filme\/S\u00e9rie ruim favorito:<\/strong> Crep\u00fasculo\u00a0<\/p>\n\n\n\n<p><\/p>\n\n\n\n<p><strong>Gustavo Bispo<\/strong><\/p>\n\n\n\n<p>Aluno do curso de ci\u00eancias biol\u00f3gicas da Universidade Federal de Vi\u00e7osa, gosta da \u00e1rea de zoologia e ecologia, tem interesse em s\u00e9ries e filmes de quase todos os g\u00eaneros menos terror, mas prefere s\u00e9ries e filmes de aventura, fic\u00e7\u00e3o e com\u00e9dia.&nbsp;<\/p>\n\n\n\n<p><strong>Filmes\/S\u00e9ries favoritos:<\/strong> O Poderoso Chef\u00e3o, Homem Aranha, One Piece, Interestelar e How i met your mother.<\/p>\n\n\n\n<p><strong>Filme\/S\u00e9rie ruim favorito:<\/strong> Sharknado.<\/p>\n\n\n\n<p><\/p>\n\n\n\n<p><strong>Lucas Ribeiro<\/strong><\/p>\n\n\n\n<p>Estudante do curso de Ci\u00eancias Biol\u00f3gicas na Universidade Federal de Vi\u00e7osa (UFV-CRP). Trabalha com serpentes e t\u00eam interesse nas \u00e1reas de conserva\u00e7\u00e3o, ecologia e zoologia, especialmente por herpetologia onde pretende seguir carreira. \u00c9 um grande amante da s\u00e9tima arte, sendo bem ecl\u00e9tico em rela\u00e7\u00e3o a filmes e s\u00e9ries, por\u00e9m tendo um carinho especial pelos cl\u00e1ssicos do cinema, al\u00e9m de defender filmes que muita gente n\u00e3o curtiu (com exce\u00e7\u00e3o de alguns). T\u00eam experi\u00eancia com divulga\u00e7\u00e3o cient\u00edfica, j\u00e1 tendo feito parte do podcast \u201cRock Com Ci\u00eancia\u201d, e agora se junta a equipe do \u201cCinema Com Ci\u00eancia\u201d para ajudar a unir ci\u00eancia, entretenimento e s\u00e9tima arte num \u00e1udio s\u00f3.<\/p>\n\n\n\n<p><strong>Filmes\/S\u00e9ries favoritos:<\/strong> Star Wars, Harry Potter, Senhor dos An\u00e9is\/Hobbit, The Walking Dead, How I Met Your Mother e Game Of Thrones.<\/p>\n\n\n\n<p><strong>Filme\/S\u00e9rie ruim favorito:<\/strong> Pequenos Espi\u00f5es 3D: Game Over<\/p>\n\n\n\n<p><\/p>\n\n\n\n<p><strong>Luiz Guilherme<\/strong><\/p>\n\n\n\n<p>Estudante de mestrado em Zoologia na Universidade Federal de Minas Gerais. Trabalha com aranhas e t\u00eam interesse nas \u00e1reas de sistem\u00e1tica, ecologia, zoologia e evolu\u00e7\u00e3o, especialmente em aracnologia onde pretende seguir carreira. Amante da s\u00e9tima arte com gosto bem ecl\u00e9tico em rela\u00e7\u00e3o a filmes e s\u00e9ries, por\u00e9m tendo um gosto especial por anima\u00e7\u00f5es. T\u00eam experi\u00eancia com divulga\u00e7\u00e3o cient\u00edfica, j\u00e1 tendo feito parte do podcast \u201cRock Com Ci\u00eancia\u201d e do Jornal \u201cFolha Biol\u00f3gica\u201d .&nbsp;<\/p>\n\n\n\n<p><strong>Filmes\/S\u00e9ries favoritos:<\/strong> Akira, A Viagem de Chihiro, Star Wars, Harry Potter, Homem aranha (Todos os filmes), Madagascar, Kung Fu Panda, Avatar A lenda de Aang, Rick and Morty e Os Simpsons.\u00a0<\/p>\n\n\n\n<p><strong>Filme\/S\u00e9rie ruim favorito:<\/strong> Hulk (2003), Power Ranger (filme), Ben 10 omniverse, Sword Art Online<\/p>\n\n\n\n<p><\/p>\n\n\n\n<p><strong>Marcos Silva<\/strong><\/p>\n\n\n\n<p>Bi\u00f3logo evolutivo, doutorando pela Universidade da Basil\u00e9ia. Trabalha com evolu\u00e7\u00e3o gen\u00f4mica e morfol\u00f3gica de peixes cicl\u00eddeos mas passa tamb\u00e9m tempo demais na frente de uma tela assistindo filmes de todos os g\u00eaneros (entretanto, horror \u00e9 a paix\u00e3o desde sempre).<\/p>\n\n\n\n<p><strong>Fitas favoritas:<\/strong> O Exorcista, Halloween, A Bruxa de Blair&nbsp;<\/p>\n\n\n\n<p><strong>Fita ruim favorita:<\/strong> Prometheus<\/p>\n\n\n\n<p><\/p>\n\n\n\n<p><strong>Iuri Silva<\/strong><\/p>\n\n\n\n<p>Humano, Bi\u00f3logo Nv.1, \u201cTolkieniano\u201de fotof\u00f3bico. Prefere os becos escuros da fic\u00e7\u00e3o e \u00e9 completamente fascinado por Fantasia e Fic\u00e7\u00e3o Cient\u00edfica, em quase todas as suas vertentes. Mas absorve livros, jogos, filmes, s\u00e9ries, animes e mang\u00e1s com menor frequ\u00eancia do que deseja, <em>The Beast at Tanagra<\/em>.&nbsp;<br><br><strong>Fitas favoritas:<\/strong> The Lord of the Rings, Mononoke Hime, Dances with Wolves, Waking Life.<br><br><strong>Fita ruim favorita: <\/strong>Evil Dead.<\/p>\n\n\n\n<p><\/p>\n\n\n\n<p><strong>Mayara<\/strong> <strong>Santana<\/strong><\/p>\n\n\n\n<p>Bi\u00f3loga geneticista (UFPA), doutoranda em Gen\u00e9tica e Biologia Molecular. Trabalha com polimorfismos em genes relacionados \u00e0 resposta imune em doen\u00e7as infectocontagiosas. Tamb\u00e9m passa o dia falando de ci\u00eancias e aleatoriedades no Twitter e vendo filmes de terror e fic\u00e7\u00e3o cient\u00edfica.&nbsp;<\/p>\n\n\n\n<p><strong>Fitas favoritas:<\/strong> O Enigma do Outro Mundo, Possession, O Beb\u00ea de Rosemary<br><br><strong>Fita ruim favorita:<\/strong> Evil Dead<\/p>\n\n\n\n<p><\/p>\n\n\n\n<p><strong>Matheus Bonaccorsi<\/strong><\/p>\n\n\n\n<p>Bi\u00f3logo Evolutivo (UFV), Mestre em Zoologia pela Universidade Federal de Minas Gerais. Trabalha com evolu\u00e7\u00e3o gen\u00f4mica e cariot\u00edpica em peixes neotropicais, com divulga\u00e7\u00e3o cient\u00edfica e tem como hobby se perder na pr\u00f3pria imagina\u00e7\u00e3o e estudar comportamento animal, principalmente do estranho <em>Homo sapiens<\/em>, seja na vida real, virtual ou nas telonas.<\/p>\n\n\n\n<p><strong>Fitas favoritas:<\/strong> Avatar (James Cameron), Fragmentado, saga Harry Potter<br><br><strong>Fita ruim (n\u00e3o favorita, que odeio mesmo):<\/strong> Alfa<\/p>\n\n\n\n<p><\/p>\n\n\n\n<p><strong>Francisco Sassi<\/strong><\/p>\n\n\n\n<p>Bi\u00f3logo pela Universidade Federal de Vi\u00e7osa, Mestre e Doutorando em Gen\u00e9tica Evolutiva e Biologia Molecular pela Universidade Federal de S\u00e3o Carlos. Estuda a evolu\u00e7\u00e3o de peixes, focando nas rela\u00e7\u00f5es evolutivas entre grupos e o surgimento de cromossomos sexuais. Apaixonado por m\u00fasica e por RPG de mesa.<br><br><strong>Fitas favoritas:<\/strong> Pulp Fiction e Cidade de Deus.<\/p>\n\n\n\n<p><strong>Fita ruim favorita:<\/strong> Batman vs Superman<\/p>\n\n\n\n<p><\/p>\n\n\n\n<p><strong>Bel Petit<\/strong><\/p>\n\n\n\n<p>Engenheira Agr\u00f4noma pela Universidade Estadual Paulista. Designer pela Universidade Nove de Julho e p\u00f3s-graduanda em Marketing pelo Centro Universit\u00e1rio Senac. Diretora de arte, artista pl\u00e1stica, atua como ilustradora de livros infanto-juvenis e consultora de livros did\u00e1ticos na \u00e1rea de Hist\u00f3ria da Arte. Livre-estudante de Cinema e fotografia. Apaixonada por neorrealismo italiano e nouvelle vague.<\/p>\n\n\n\n<p><strong>Fitas favoritas:<\/strong> Barry Lyndon e Midsommar<\/p>\n\n\n\n<p><strong>Fita ruim favorita:<\/strong> Os Vingadores: A Era de Ultron<\/p>\n\n\n\n<p><\/p>\n\n\n\n<p><strong>Vitor Nascimento<\/strong><\/p>\n\n\n\n<p>Cientista de planta (UFES, UFV e UFT). Procura entender como as plantas funcionam e interagem com seu meio. Adora fic\u00e7\u00e3o cient\u00edfica e terror. Toca ukulele e escaleta. Pratica yoga.<\/p>\n\n\n\n<p><strong>Fitas favoritas:<\/strong> Perdido em Marte, A Bruxa, O Imp\u00e9rio Contra-Ataca e O Segredo da Cabana<\/p>\n\n\n\n<p><br><strong>Fita ruim favorita:<\/strong> Saga Velozes e Furiosos<\/p>\n","protected":false},"excerpt":{"rendered":"<p>Ananda Passos Aluna do curso de ci\u00eancias biol\u00f3gicas da Universidade Federal de Vi\u00e7osa, futura perita criminal com bastante interesse em fisiologia geral, anatomia humana, sistemas dos tecidos e \u00f3rg\u00e3os, mas com\u00a0um p\u00e9 na ecologia tamb\u00e9m. Bem ecl\u00e9tica quanto a filmes e s\u00e9ries, mas musical, terror e besteirol est\u00e3o acima de todos.\u00a0 Filmes\/s\u00e9ries favoritos: Mamma Mia, [&hellip;]<\/p>\n","protected":false},"author":4,"featured_media":0,"parent":0,"menu_order":0,"comment_status":"closed","ping_status":"closed","template":"","meta":{"footnotes":""},"class_list":["post-23","page","type-page","status-publish","hentry"],"_links":{"self":[{"href":"https:\/\/cinema.crp.ufv.br\/index.php?rest_route=\/wp\/v2\/pages\/23","targetHints":{"allow":["GET"]}}],"collection":[{"href":"https:\/\/cinema.crp.ufv.br\/index.php?rest_route=\/wp\/v2\/pages"}],"about":[{"href":"https:\/\/cinema.crp.ufv.br\/index.php?rest_route=\/wp\/v2\/types\/page"}],"author":[{"embeddable":true,"href":"https:\/\/cinema.crp.ufv.br\/index.php?rest_route=\/wp\/v2\/users\/4"}],"replies":[{"embeddable":true,"href":"https:\/\/cinema.crp.ufv.br\/index.php?rest_route=%2Fwp%2Fv2%2Fcomments&post=23"}],"version-history":[{"count":7,"href":"https:\/\/cinema.crp.ufv.br\/index.php?rest_route=\/wp\/v2\/pages\/23\/revisions"}],"predecessor-version":[{"id":429,"href":"https:\/\/cinema.crp.ufv.br\/index.php?rest_route=\/wp\/v2\/pages\/23\/revisions\/429"}],"wp:attachment":[{"href":"https:\/\/cinema.crp.ufv.br\/index.php?rest_route=%2Fwp%2Fv2%2Fmedia&parent=23"}],"curies":[{"name":"wp","href":"https:\/\/api.w.org\/{rel}","templated":true}]}}