{"id":13,"date":"2018-09-20T11:07:53","date_gmt":"2018-09-20T11:07:53","guid":{"rendered":"https:\/\/cinema.crp.ufv.br\/?page_id=13"},"modified":"2024-08-06T18:52:00","modified_gmt":"2024-08-06T21:52:00","slug":"cinema-com-ciencia","status":"publish","type":"page","link":"https:\/\/cinema.crp.ufv.br\/?page_id=13","title":{"rendered":""},"content":{"rendered":"<p>Apresentamos a voc\u00eas o Cinema com Ci\u00eancia, um spin-off do podcast Rock com Ci\u00eancia.<\/p>\n<p>Discutimos quinzenalmente a ci\u00eancia presente em longas-metragens e anima\u00e7\u00f5es.<\/p>\n<p>Ou\u00e7am tamb\u00e9m os epis\u00f3dios que deram origem ao podcast!<\/p>\n<p><a href=\"http:\/\/www.rockcomciencia.com.br\/arquivos\/422\" target=\"_blank\" rel=\"noopener noreferrer\">Pipoca &amp; Guaran\u00e1<\/a><\/p>\n<p><a href=\"http:\/\/www.rockcomciencia.com.br\/arquivos\/2267\" target=\"_blank\" rel=\"noopener noreferrer\">Cinema no Ensino de Ci\u00eancias<\/a><\/p>\n<p><a href=\"http:\/\/www.rockcomciencia.com.br\/arquivos\/2276\" target=\"_blank\" rel=\"noopener noreferrer\">A Ci\u00eancia de Star Wars<\/a><\/p>\n<p><a href=\"http:\/\/www.rockcomciencia.com.br\/arquivos\/2612\" target=\"_blank\" rel=\"noopener noreferrer\">A Ci\u00eancia de Game of Thrones 1<\/a><\/p>\n<p><a href=\"http:\/\/www.rockcomciencia.com.br\/arquivos\/2618\" target=\"_blank\" rel=\"noopener noreferrer\">A Ci\u00eancia de Game of Thrones 2<\/a><\/p>\n<p><a href=\"http:\/\/www.rockcomciencia.com.br\/arquivos\/2843\" target=\"_blank\" rel=\"noopener noreferrer\">A Ci\u00eancia de Harry Potter<\/a><\/p>\n","protected":false},"excerpt":{"rendered":"<p>Apresentamos a voc\u00eas o Cinema com Ci\u00eancia, um spin-off do podcast Rock com Ci\u00eancia. Discutimos quinzenalmente a ci\u00eancia presente em longas-metragens e anima\u00e7\u00f5es. Ou\u00e7am tamb\u00e9m os epis\u00f3dios que deram origem ao podcast! Pipoca &amp; Guaran\u00e1 Cinema no Ensino de Ci\u00eancias A Ci\u00eancia de Star Wars A Ci\u00eancia de Game of Thrones 1 A Ci\u00eancia de [&hellip;]<\/p>\n","protected":false},"author":4,"featured_media":0,"parent":0,"menu_order":0,"comment_status":"closed","ping_status":"closed","template":"","meta":{"footnotes":""},"class_list":["post-13","page","type-page","status-publish","hentry"],"_links":{"self":[{"href":"https:\/\/cinema.crp.ufv.br\/index.php?rest_route=\/wp\/v2\/pages\/13","targetHints":{"allow":["GET"]}}],"collection":[{"href":"https:\/\/cinema.crp.ufv.br\/index.php?rest_route=\/wp\/v2\/pages"}],"about":[{"href":"https:\/\/cinema.crp.ufv.br\/index.php?rest_route=\/wp\/v2\/types\/page"}],"author":[{"embeddable":true,"href":"https:\/\/cinema.crp.ufv.br\/index.php?rest_route=\/wp\/v2\/users\/4"}],"replies":[{"embeddable":true,"href":"https:\/\/cinema.crp.ufv.br\/index.php?rest_route=%2Fwp%2Fv2%2Fcomments&post=13"}],"version-history":[{"count":6,"href":"https:\/\/cinema.crp.ufv.br\/index.php?rest_route=\/wp\/v2\/pages\/13\/revisions"}],"predecessor-version":[{"id":340,"href":"https:\/\/cinema.crp.ufv.br\/index.php?rest_route=\/wp\/v2\/pages\/13\/revisions\/340"}],"wp:attachment":[{"href":"https:\/\/cinema.crp.ufv.br\/index.php?rest_route=%2Fwp%2Fv2%2Fmedia&parent=13"}],"curies":[{"name":"wp","href":"https:\/\/api.w.org\/{rel}","templated":true}]}}